{"id":28393,"date":"2025-08-20T09:26:28","date_gmt":"2025-08-20T07:26:28","guid":{"rendered":"https:\/\/gospodarstvo-ferbezar.com\/?page_id=28393"},"modified":"2025-11-06T16:30:29","modified_gmt":"2025-11-06T14:30:29","slug":"main-page","status":"publish","type":"page","link":"https:\/\/gospodarstvo-ferbezar.com\/en\/","title":{"rendered":"MAIN PAGE"},"content":{"rendered":"\t\t<div data-elementor-type=\"wp-page\" data-elementor-id=\"28393\" class=\"elementor elementor-28393 elementor-28123\">\n\t\t\t\t<div class=\"wd-negative-gap elementor-element elementor-element-e8fa4e4 e-flex e-con-boxed e-con e-parent\" data-id=\"e8fa4e4\" data-element_type=\"container\">\n\t\t\t\t\t<div class=\"e-con-inner\">\n\t\t\t\t\t<\/div>\n\t\t\t\t<\/div>\n\t\t<div class=\"elementor-element elementor-element-bd0fa9a e-con-full wd-section-stretch e-flex e-con e-parent\" data-id=\"bd0fa9a\" data-element_type=\"container\">\n\t\t\t\t<div class=\"elementor-element elementor-element-ac66a52 elementor-widget elementor-widget-html\" data-id=\"ac66a52\" data-element_type=\"widget\" data-widget_type=\"html.default\">\n\t\t\t\t<div class=\"elementor-widget-container\">\n\t\t\t\t\t<!doctype html>\n<html lang=\"hr\">\n<head>\n<meta charset=\"utf-8\" \/>\n<meta name=\"viewport\" content=\"width=device-width,initial-scale=1\" \/>\n<title>Split screen s tankom valovitom crtom<\/title>\n<link href=\"https:\/\/fonts.googleapis.com\/css2?family=Playfair+Display:wght@400;700&display=swap\" rel=\"stylesheet\">\n<style>\n  html, body { \n    height: 100%; \n    margin: 0; \n    font-family: \"Playfair Display\", sans-serif; \n    background-color: #111111; \/* cijela stranica tamna pozadina *\/\n  }\n\n  .split {\n    position: relative;\n    height: 100vh;          \/* fallback *\/\n    display: flex;\n    overflow: hidden;\n    background: transparent;\n  }\n  \/* moderni viewporti \u2014 sprje\u010dava bijelu crticu na dnu na mobitelima *\/\n  @supports (height: 100svh) {\n    .split { height: 100svh; }\n  }\n  @supports (height: 100dvh) {\n    .split { height: 100dvh; }\n  }\n  \/* 1px shim protiv sub-pixel praznine pri dnu *\/\n  .split::after{\n    content:\"\";\n    position:absolute;\n    left:0; right:0; bottom:-1px;   \/* gurne se 1px ispod *\/\n    height:2px;\n    background:#111111;             \/* oboji u crno dno *\/\n    pointer-events:none;\n  }\n\n  \/* Lijevo \/ desno pola ekrana *\/\n  .panel {\n    flex: 1;\n    position: relative;\n    display: flex;\n    align-items: center;\n    justify-content: center;\n    text-align: center;\n    text-decoration: none;\n    color: #fff;\n    overflow: hidden;\n    isolation: isolate;\n    padding: 2rem;\n    background-color: #5F6E1E; \/* sigurnosna pozadina *\/\n  }\n\n  \/* POZADINSKE SLIKE + HOVER ZOOM (bez ikakvih maski\/gapova) *\/\n  .panel::before {\n    content: \"\";\n    position: absolute;\n    inset: 0;\n    background-size: cover;\n    background-position: center;\n    opacity: 0.5;                 \n    transition: transform .8s ease;\n    z-index: 0;                   \n  }\n  .panel.left::before  { background-image: url('https:\/\/gospodarstvo-ferbezar.com\/wp-content\/uploads\/2025\/07\/DSC_3626-scaled.jpg'); }\n  .panel.right::before { background-image: url('https:\/\/gospodarstvo-ferbezar.com\/wp-content\/uploads\/2025\/08\/Matanovic-13-scaled.jpg'); }\n  .panel:hover::before { transform: scale(1.05); }\n\n  \/* Tekst iznad slika i linije *\/\n  .overlay { position: relative; z-index: 3; }\n  .overlay h2 { margin: 0 0 .4rem; font-size: clamp(1.4rem, 2.5vw, 2.4rem); font-weight: 700; color: #fff; }\n  .overlay p  { margin: 0; font-size: clamp(1rem, 1.3vw, 1.1rem); opacity: .95; color: #fff; }\n\n  \/* TANKA BIJELA VALOVITA CRTA PREKO SLIKA \u2014 BEZ PRAZNINE *\/\n  .divider-line {\n    position: absolute;\n    top: 0; bottom: 0;\n    left: 50%; transform: translateX(-50%);\n    width: 60px;              \n    height: 100%;\n    pointer-events: none;\n    z-index: 2;               \n  }\n  .divider-line svg { width: 100%; height: 100%; display: block; }\n  .divider-line path {\n    fill: none;\n    stroke: #ffffff;\n    stroke-width: 3.5;        \n    stroke-linecap: round;\n    stroke-linejoin: round;\n    vector-effect: non-scaling-stroke;\n    opacity: .95;\n  }\n\n  \/* Mobile: plohe jedna ispod druge; liniju rotiramo vodoravno *\/\n  @media (max-width: 768px) {\n    .split { flex-direction: column; }\n    .divider-line {\n      left: 0; transform: none;\n      width: 100%; height: 46px;\n      top: 50%; bottom: auto;\n    }\n    .divider-line svg { transform: rotate(90deg); transform-origin: center; }\n  }\n<\/style>\n<\/head>\n<body>\n\n  <div class=\"split\">\n\n    <!-- LIJEVA PLOHA -->\n    <a class=\"panel left\" href=\"https:\/\/mesnica.gospodarstvo-ferbezar.com\/en\/\">\n      <div class=\"overlay\">\n        <h2>FERBE\u017dAR MEAT SHOP<\/h2>\n        <p>Feel Slavonia with All Your Senses<\/p>\n      <\/div>\n    <\/a>\n\n    <!-- DESNA PLOHA -->\n    <a class=\"panel right\" href=\"https:\/\/kusaona.gospodarstvo-ferbezar.com\/en\/\">\n      <div class=\"overlay\">\n        <h2>FERBE\u017dAR DELICACY TASTING ROOM<\/h2>\n        <p>Finest Products of the Ferbe\u017ear Farm<\/p>\n      <\/div>\n    <\/a>\n\n    <!-- Tanka valovita crta -->\n    <div class=\"divider-line\" aria-hidden=\"true\">\n      <svg viewBox=\"0 0 60 100\" preserveAspectRatio=\"none\">\n        <path d=\"\n          M30,-5\n          C 50,  0  50, 12.5 30, 18\n          S 10, 37.5 30, 43\n          S 50, 62.5 30, 68\n          S 10, 87.5 30, 93\n          S 50,112.5 30,118\n        \" \/>\n      <\/svg>\n    <\/div>\n\n  <\/div>\n\n<\/body>\n<\/html>\t\t\t\t<\/div>\n\t\t\t\t<\/div>\n\t\t\t\t<\/div>\n\t\t<div class=\"wd-negative-gap elementor-element elementor-element-fc4e362 e-flex e-con-boxed e-con e-parent\" data-id=\"fc4e362\" data-element_type=\"container\">\n\t\t\t\t\t<div class=\"e-con-inner\">\n\t\t\t\t<div class=\"elementor-element elementor-element-2f04577 elementor-widget elementor-widget-html\" data-id=\"2f04577\" data-element_type=\"widget\" data-widget_type=\"html.default\">\n\t\t\t\t<div class=\"elementor-widget-container\">\n\t\t\t\t\t<div style=\"display:none;\">\nOPG Ferbe\u017ear offers homemade meat from Slavonia, prepared according to traditional family recipes. Our heritage brings you the authentic taste of real Slavonian delicacies.\n<\/div>\t\t\t\t<\/div>\n\t\t\t\t<\/div>\n\t\t\t\t\t<\/div>\n\t\t\t\t<\/div>\n\t\t\t\t<\/div>\n\t\t","protected":false},"excerpt":{"rendered":"<p>&lt;!doctype html&gt; FERBE\u017dAR MEAT SHOP Feel Slavonia with All Your Senses FERBE\u017dAR DELICACY TASTING ROOM Finest Products of the Ferbe\u017ear<\/p>\n","protected":false},"author":1,"featured_media":0,"parent":0,"menu_order":0,"comment_status":"closed","ping_status":"closed","template":"elementor_theme","meta":{"footnotes":""},"class_list":["post-28393","page","type-page","status-publish","hentry"],"yoast_head":"<!-- This site is optimized with the Yoast SEO plugin v26.8 - https:\/\/yoast.com\/product\/yoast-seo-wordpress\/ -->\n<title>Homemade meat from Slavonia | OPG Ferbe\u017ear<\/title>\n<meta name=\"description\" content=\"Homemade Slavonian meat by OPG Ferbe\u017ear. Tradition, quality, and the authentic taste of real Slavonian delicacies!\" \/>\n<meta name=\"robots\" content=\"index, follow, max-snippet:-1, max-image-preview:large, max-video-preview:-1\" \/>\n<link rel=\"canonical\" href=\"https:\/\/gospodarstvo-ferbezar.com\/en\/\" \/>\n<meta property=\"og:locale\" content=\"en_US\" \/>\n<meta property=\"og:type\" content=\"article\" \/>\n<meta property=\"og:title\" content=\"Homemade meat from Slavonia | OPG Ferbe\u017ear\" \/>\n<meta property=\"og:description\" content=\"Homemade Slavonian meat by OPG Ferbe\u017ear. Tradition, quality, and the authentic taste of real Slavonian delicacies!\" \/>\n<meta property=\"og:url\" content=\"https:\/\/gospodarstvo-ferbezar.com\/en\/\" \/>\n<meta property=\"og:site_name\" content=\"OPG FERBE\u017dAR\" \/>\n<meta property=\"article:modified_time\" content=\"2025-11-06T14:30:29+00:00\" \/>\n<meta name=\"twitter:card\" content=\"summary_large_image\" \/>\n<meta name=\"twitter:label1\" content=\"Est. reading time\" \/>\n\t<meta name=\"twitter:data1\" content=\"1 minute\" \/>\n<script type=\"application\/ld+json\" class=\"yoast-schema-graph\">{\"@context\":\"https:\/\/schema.org\",\"@graph\":[{\"@type\":\"WebPage\",\"@id\":\"https:\/\/gospodarstvo-ferbezar.com\/en\/\",\"url\":\"https:\/\/gospodarstvo-ferbezar.com\/en\/\",\"name\":\"Homemade meat from Slavonia | OPG Ferbe\u017ear\",\"isPartOf\":{\"@id\":\"https:\/\/gospodarstvo-ferbezar.com\/#website\"},\"datePublished\":\"2025-08-20T07:26:28+00:00\",\"dateModified\":\"2025-11-06T14:30:29+00:00\",\"description\":\"Homemade Slavonian meat by OPG Ferbe\u017ear. Tradition, quality, and the authentic taste of real Slavonian delicacies!\",\"breadcrumb\":{\"@id\":\"https:\/\/gospodarstvo-ferbezar.com\/en\/#breadcrumb\"},\"inLanguage\":\"en-US\",\"potentialAction\":[{\"@type\":\"ReadAction\",\"target\":[\"https:\/\/gospodarstvo-ferbezar.com\/en\/\"]}]},{\"@type\":\"BreadcrumbList\",\"@id\":\"https:\/\/gospodarstvo-ferbezar.com\/en\/#breadcrumb\",\"itemListElement\":[{\"@type\":\"ListItem\",\"position\":1,\"name\":\"Home\",\"item\":\"https:\/\/gospodarstvo-ferbezar.com\/en\/\"},{\"@type\":\"ListItem\",\"position\":2,\"name\":\"MAIN PAGE\"}]},{\"@type\":\"WebSite\",\"@id\":\"https:\/\/gospodarstvo-ferbezar.com\/#website\",\"url\":\"https:\/\/gospodarstvo-ferbezar.com\/\",\"name\":\"OPG FERBE\u017dAR\",\"description\":\"OPG, gospodarstvo, uzgoj, doma\u0107a hrana\",\"publisher\":{\"@id\":\"https:\/\/gospodarstvo-ferbezar.com\/#organization\"},\"potentialAction\":[{\"@type\":\"SearchAction\",\"target\":{\"@type\":\"EntryPoint\",\"urlTemplate\":\"https:\/\/gospodarstvo-ferbezar.com\/?s={search_term_string}\"},\"query-input\":{\"@type\":\"PropertyValueSpecification\",\"valueRequired\":true,\"valueName\":\"search_term_string\"}}],\"inLanguage\":\"en-US\"},{\"@type\":\"Organization\",\"@id\":\"https:\/\/gospodarstvo-ferbezar.com\/#organization\",\"name\":\"OPG FERBE\u017dAR\",\"url\":\"https:\/\/gospodarstvo-ferbezar.com\/\",\"logo\":{\"@type\":\"ImageObject\",\"inLanguage\":\"en-US\",\"@id\":\"https:\/\/gospodarstvo-ferbezar.com\/#\/schema\/logo\/image\/\",\"url\":\"https:\/\/gospodarstvo-ferbezar.com\/wp-content\/uploads\/2021\/09\/logo_200.png\",\"contentUrl\":\"https:\/\/gospodarstvo-ferbezar.com\/wp-content\/uploads\/2021\/09\/logo_200.png\",\"width\":231,\"height\":200,\"caption\":\"OPG FERBE\u017dAR\"},\"image\":{\"@id\":\"https:\/\/gospodarstvo-ferbezar.com\/#\/schema\/logo\/image\/\"}}]}<\/script>\n<!-- \/ Yoast SEO plugin. -->","yoast_head_json":{"title":"Homemade meat from Slavonia | OPG Ferbe\u017ear","description":"Homemade Slavonian meat by OPG Ferbe\u017ear. Tradition, quality, and the authentic taste of real Slavonian delicacies!","robots":{"index":"index","follow":"follow","max-snippet":"max-snippet:-1","max-image-preview":"max-image-preview:large","max-video-preview":"max-video-preview:-1"},"canonical":"https:\/\/gospodarstvo-ferbezar.com\/en\/","og_locale":"en_US","og_type":"article","og_title":"Homemade meat from Slavonia | OPG Ferbe\u017ear","og_description":"Homemade Slavonian meat by OPG Ferbe\u017ear. Tradition, quality, and the authentic taste of real Slavonian delicacies!","og_url":"https:\/\/gospodarstvo-ferbezar.com\/en\/","og_site_name":"OPG FERBE\u017dAR","article_modified_time":"2025-11-06T14:30:29+00:00","twitter_card":"summary_large_image","twitter_misc":{"Est. reading time":"1 minute"},"schema":{"@context":"https:\/\/schema.org","@graph":[{"@type":"WebPage","@id":"https:\/\/gospodarstvo-ferbezar.com\/en\/","url":"https:\/\/gospodarstvo-ferbezar.com\/en\/","name":"Homemade meat from Slavonia | OPG Ferbe\u017ear","isPartOf":{"@id":"https:\/\/gospodarstvo-ferbezar.com\/#website"},"datePublished":"2025-08-20T07:26:28+00:00","dateModified":"2025-11-06T14:30:29+00:00","description":"Homemade Slavonian meat by OPG Ferbe\u017ear. Tradition, quality, and the authentic taste of real Slavonian delicacies!","breadcrumb":{"@id":"https:\/\/gospodarstvo-ferbezar.com\/en\/#breadcrumb"},"inLanguage":"en-US","potentialAction":[{"@type":"ReadAction","target":["https:\/\/gospodarstvo-ferbezar.com\/en\/"]}]},{"@type":"BreadcrumbList","@id":"https:\/\/gospodarstvo-ferbezar.com\/en\/#breadcrumb","itemListElement":[{"@type":"ListItem","position":1,"name":"Home","item":"https:\/\/gospodarstvo-ferbezar.com\/en\/"},{"@type":"ListItem","position":2,"name":"MAIN PAGE"}]},{"@type":"WebSite","@id":"https:\/\/gospodarstvo-ferbezar.com\/#website","url":"https:\/\/gospodarstvo-ferbezar.com\/","name":"OPG FERBE\u017dAR","description":"OPG, gospodarstvo, uzgoj, doma\u0107a hrana","publisher":{"@id":"https:\/\/gospodarstvo-ferbezar.com\/#organization"},"potentialAction":[{"@type":"SearchAction","target":{"@type":"EntryPoint","urlTemplate":"https:\/\/gospodarstvo-ferbezar.com\/?s={search_term_string}"},"query-input":{"@type":"PropertyValueSpecification","valueRequired":true,"valueName":"search_term_string"}}],"inLanguage":"en-US"},{"@type":"Organization","@id":"https:\/\/gospodarstvo-ferbezar.com\/#organization","name":"OPG FERBE\u017dAR","url":"https:\/\/gospodarstvo-ferbezar.com\/","logo":{"@type":"ImageObject","inLanguage":"en-US","@id":"https:\/\/gospodarstvo-ferbezar.com\/#\/schema\/logo\/image\/","url":"https:\/\/gospodarstvo-ferbezar.com\/wp-content\/uploads\/2021\/09\/logo_200.png","contentUrl":"https:\/\/gospodarstvo-ferbezar.com\/wp-content\/uploads\/2021\/09\/logo_200.png","width":231,"height":200,"caption":"OPG FERBE\u017dAR"},"image":{"@id":"https:\/\/gospodarstvo-ferbezar.com\/#\/schema\/logo\/image\/"}}]}},"_links":{"self":[{"href":"https:\/\/gospodarstvo-ferbezar.com\/en\/wp-json\/wp\/v2\/pages\/28393","targetHints":{"allow":["GET"]}}],"collection":[{"href":"https:\/\/gospodarstvo-ferbezar.com\/en\/wp-json\/wp\/v2\/pages"}],"about":[{"href":"https:\/\/gospodarstvo-ferbezar.com\/en\/wp-json\/wp\/v2\/types\/page"}],"author":[{"embeddable":true,"href":"https:\/\/gospodarstvo-ferbezar.com\/en\/wp-json\/wp\/v2\/users\/1"}],"replies":[{"embeddable":true,"href":"https:\/\/gospodarstvo-ferbezar.com\/en\/wp-json\/wp\/v2\/comments?post=28393"}],"version-history":[{"count":20,"href":"https:\/\/gospodarstvo-ferbezar.com\/en\/wp-json\/wp\/v2\/pages\/28393\/revisions"}],"predecessor-version":[{"id":28864,"href":"https:\/\/gospodarstvo-ferbezar.com\/en\/wp-json\/wp\/v2\/pages\/28393\/revisions\/28864"}],"wp:attachment":[{"href":"https:\/\/gospodarstvo-ferbezar.com\/en\/wp-json\/wp\/v2\/media?parent=28393"}],"curies":[{"name":"wp","href":"https:\/\/api.w.org\/{rel}","templated":true}]}}